{"id":30,"date":"2020-06-26T06:29:44","date_gmt":"2020-06-26T06:29:44","guid":{"rendered":"https:\/\/jamonesdejuviles.com\/tienda\/?page_id=30"},"modified":"2024-11-25T08:40:20","modified_gmt":"2024-11-25T08:40:20","slug":"inicio","status":"publish","type":"page","link":"https:\/\/jamonesdejuviles.com\/tienda\/","title":{"rendered":"Inicio"},"content":{"rendered":"<p>[et_pb_section fb_built=\u00bb1&#8243; admin_label=\u00bbsection\u00bb _builder_version=\u00bb4.27.3&#8243; global_colors_info=\u00bb{}\u00bb][et_pb_row admin_label=\u00bbrow\u00bb _builder_version=\u00bb4.16&#8243; background_size=\u00bbinitial\u00bb background_position=\u00bbtop_left\u00bb background_repeat=\u00bbrepeat\u00bb global_colors_info=\u00bb{}\u00bb][et_pb_column type=\u00bb4_4&#8243; _builder_version=\u00bb4.16&#8243; custom_padding=\u00bb|||\u00bb global_colors_info=\u00bb{}\u00bb custom_padding__hover=\u00bb|||\u00bb][\/et_pb_column][\/et_pb_row][\/et_pb_section]<\/p>\n","protected":false},"excerpt":{"rendered":"","protected":false},"author":1,"featured_media":0,"parent":0,"menu_order":0,"comment_status":"closed","ping_status":"closed","template":"","meta":{"_et_pb_use_builder":"on","_et_pb_old_content":"","_et_gb_content_width":"2880","footnotes":""},"yoast_head":"<!-- This site is optimized with the Yoast SEO plugin v21.5 - https:\/\/yoast.com\/wordpress\/plugins\/seo\/ -->\n<title>Tienda Jamones de Juviles | El aut\u00e9ntico jam\u00f3n de la Alpujarra<\/title>\n<meta name=\"description\" content=\"Tienda Jamones de Juviles | Compra ahora el mejor jam\u00f3n de la Alpujarra, I.G.P Trev\u00e9lez, directo del secadero a su casa. Env\u00edo gratuito.\" \/>\n<meta name=\"robots\" content=\"index, follow, max-snippet:-1, max-image-preview:large, max-video-preview:-1\" \/>\n<link rel=\"canonical\" href=\"https:\/\/jamonesdejuviles.com\/tienda\/\" \/>\n<meta name=\"twitter:label1\" content=\"Tiempo de lectura\" \/>\n\t<meta name=\"twitter:data1\" content=\"1 minuto\" \/>\n<script type=\"application\/ld+json\" class=\"yoast-schema-graph\">{\"@context\":\"https:\/\/schema.org\",\"@graph\":[{\"@type\":\"WebPage\",\"@id\":\"https:\/\/jamonesdejuviles.com\/tienda\/\",\"url\":\"https:\/\/jamonesdejuviles.com\/tienda\/\",\"name\":\"Tienda Jamones de Juviles | El aut\u00e9ntico jam\u00f3n de la Alpujarra\",\"isPartOf\":{\"@id\":\"https:\/\/jamonesdejuviles.com\/tienda\/#website\"},\"datePublished\":\"2020-06-26T06:29:44+00:00\",\"dateModified\":\"2024-11-25T08:40:20+00:00\",\"description\":\"Tienda Jamones de Juviles | Compra ahora el mejor jam\u00f3n de la Alpujarra, I.G.P Trev\u00e9lez, directo del secadero a su casa. Env\u00edo gratuito.\",\"breadcrumb\":{\"@id\":\"https:\/\/jamonesdejuviles.com\/tienda\/#breadcrumb\"},\"inLanguage\":\"es\",\"potentialAction\":[{\"@type\":\"ReadAction\",\"target\":[\"https:\/\/jamonesdejuviles.com\/tienda\/\"]}]},{\"@type\":\"BreadcrumbList\",\"@id\":\"https:\/\/jamonesdejuviles.com\/tienda\/#breadcrumb\",\"itemListElement\":[{\"@type\":\"ListItem\",\"position\":1,\"name\":\"Portada\",\"item\":\"https:\/\/jamonesdejuviles.com\/tienda\/\"},{\"@type\":\"ListItem\",\"position\":2,\"name\":\"Inicio\"}]},{\"@type\":\"WebSite\",\"@id\":\"https:\/\/jamonesdejuviles.com\/tienda\/#website\",\"url\":\"https:\/\/jamonesdejuviles.com\/tienda\/\",\"name\":\"Tienda Jamones de Juviles\",\"description\":\"El aut\u00e9ntico jam\u00f3n de la Alpujarra\",\"publisher\":{\"@id\":\"https:\/\/jamonesdejuviles.com\/tienda\/#organization\"},\"potentialAction\":[{\"@type\":\"SearchAction\",\"target\":{\"@type\":\"EntryPoint\",\"urlTemplate\":\"https:\/\/jamonesdejuviles.com\/tienda\/?s={search_term_string}\"},\"query-input\":\"required name=search_term_string\"}],\"inLanguage\":\"es\"},{\"@type\":\"Organization\",\"@id\":\"https:\/\/jamonesdejuviles.com\/tienda\/#organization\",\"name\":\"Tienda de Jamones de Juviles\",\"url\":\"https:\/\/jamonesdejuviles.com\/tienda\/\",\"logo\":{\"@type\":\"ImageObject\",\"inLanguage\":\"es\",\"@id\":\"https:\/\/jamonesdejuviles.com\/tienda\/#\/schema\/logo\/image\/\",\"url\":\"https:\/\/jamonesdejuviles.com\/tienda\/wp-content\/uploads\/2020\/07\/jamones-juviles.svg\",\"contentUrl\":\"https:\/\/jamonesdejuviles.com\/tienda\/wp-content\/uploads\/2020\/07\/jamones-juviles.svg\",\"width\":1,\"height\":1,\"caption\":\"Tienda de Jamones de Juviles\"},\"image\":{\"@id\":\"https:\/\/jamonesdejuviles.com\/tienda\/#\/schema\/logo\/image\/\"},\"sameAs\":[\"https:\/\/www.facebook.com\/jamonesdejuviles\",\"https:\/\/www.instagram.com\/jamonesdejuviles\/\"]}]}<\/script>\n<!-- \/ Yoast SEO plugin. -->","yoast_head_json":{"title":"Tienda Jamones de Juviles | El aut\u00e9ntico jam\u00f3n de la Alpujarra","description":"Tienda Jamones de Juviles | Compra ahora el mejor jam\u00f3n de la Alpujarra, I.G.P Trev\u00e9lez, directo del secadero a su casa. Env\u00edo gratuito.","robots":{"index":"index","follow":"follow","max-snippet":"max-snippet:-1","max-image-preview":"max-image-preview:large","max-video-preview":"max-video-preview:-1"},"canonical":"https:\/\/jamonesdejuviles.com\/tienda\/","twitter_misc":{"Tiempo de lectura":"1 minuto"},"schema":{"@context":"https:\/\/schema.org","@graph":[{"@type":"WebPage","@id":"https:\/\/jamonesdejuviles.com\/tienda\/","url":"https:\/\/jamonesdejuviles.com\/tienda\/","name":"Tienda Jamones de Juviles | El aut\u00e9ntico jam\u00f3n de la Alpujarra","isPartOf":{"@id":"https:\/\/jamonesdejuviles.com\/tienda\/#website"},"datePublished":"2020-06-26T06:29:44+00:00","dateModified":"2024-11-25T08:40:20+00:00","description":"Tienda Jamones de Juviles | Compra ahora el mejor jam\u00f3n de la Alpujarra, I.G.P Trev\u00e9lez, directo del secadero a su casa. Env\u00edo gratuito.","breadcrumb":{"@id":"https:\/\/jamonesdejuviles.com\/tienda\/#breadcrumb"},"inLanguage":"es","potentialAction":[{"@type":"ReadAction","target":["https:\/\/jamonesdejuviles.com\/tienda\/"]}]},{"@type":"BreadcrumbList","@id":"https:\/\/jamonesdejuviles.com\/tienda\/#breadcrumb","itemListElement":[{"@type":"ListItem","position":1,"name":"Portada","item":"https:\/\/jamonesdejuviles.com\/tienda\/"},{"@type":"ListItem","position":2,"name":"Inicio"}]},{"@type":"WebSite","@id":"https:\/\/jamonesdejuviles.com\/tienda\/#website","url":"https:\/\/jamonesdejuviles.com\/tienda\/","name":"Tienda Jamones de Juviles","description":"El aut\u00e9ntico jam\u00f3n de la Alpujarra","publisher":{"@id":"https:\/\/jamonesdejuviles.com\/tienda\/#organization"},"potentialAction":[{"@type":"SearchAction","target":{"@type":"EntryPoint","urlTemplate":"https:\/\/jamonesdejuviles.com\/tienda\/?s={search_term_string}"},"query-input":"required name=search_term_string"}],"inLanguage":"es"},{"@type":"Organization","@id":"https:\/\/jamonesdejuviles.com\/tienda\/#organization","name":"Tienda de Jamones de Juviles","url":"https:\/\/jamonesdejuviles.com\/tienda\/","logo":{"@type":"ImageObject","inLanguage":"es","@id":"https:\/\/jamonesdejuviles.com\/tienda\/#\/schema\/logo\/image\/","url":"https:\/\/jamonesdejuviles.com\/tienda\/wp-content\/uploads\/2020\/07\/jamones-juviles.svg","contentUrl":"https:\/\/jamonesdejuviles.com\/tienda\/wp-content\/uploads\/2020\/07\/jamones-juviles.svg","width":1,"height":1,"caption":"Tienda de Jamones de Juviles"},"image":{"@id":"https:\/\/jamonesdejuviles.com\/tienda\/#\/schema\/logo\/image\/"},"sameAs":["https:\/\/www.facebook.com\/jamonesdejuviles","https:\/\/www.instagram.com\/jamonesdejuviles\/"]}]}},"_links":{"self":[{"href":"https:\/\/jamonesdejuviles.com\/tienda\/wp-json\/wp\/v2\/pages\/30"}],"collection":[{"href":"https:\/\/jamonesdejuviles.com\/tienda\/wp-json\/wp\/v2\/pages"}],"about":[{"href":"https:\/\/jamonesdejuviles.com\/tienda\/wp-json\/wp\/v2\/types\/page"}],"author":[{"embeddable":true,"href":"https:\/\/jamonesdejuviles.com\/tienda\/wp-json\/wp\/v2\/users\/1"}],"replies":[{"embeddable":true,"href":"https:\/\/jamonesdejuviles.com\/tienda\/wp-json\/wp\/v2\/comments?post=30"}],"version-history":[{"count":118,"href":"https:\/\/jamonesdejuviles.com\/tienda\/wp-json\/wp\/v2\/pages\/30\/revisions"}],"predecessor-version":[{"id":5383,"href":"https:\/\/jamonesdejuviles.com\/tienda\/wp-json\/wp\/v2\/pages\/30\/revisions\/5383"}],"wp:attachment":[{"href":"https:\/\/jamonesdejuviles.com\/tienda\/wp-json\/wp\/v2\/media?parent=30"}],"curies":[{"name":"wp","href":"https:\/\/api.w.org\/{rel}","templated":true}]}}