{"id":1800,"date":"2020-07-15T06:35:39","date_gmt":"2020-07-15T06:35:39","guid":{"rendered":"https:\/\/jamonesdejuviles.com\/tienda\/tienda\/import-placeholder-for-67\/"},"modified":"2026-04-01T05:23:46","modified_gmt":"2026-04-01T05:23:46","slug":"jamon-cebo-iberico-24-meses-de-curacion-natrural","status":"publish","type":"product","link":"https:\/\/jamonesdejuviles.com\/tienda\/producto\/jamones\/jamon-cebo-iberico-24-meses-de-curacion-natrural\/","title":{"rendered":"Jam\u00f3n Cebo Ib\u00e9rico 50% Raza Ib\u00e9rica + 24 meses de Curaci\u00f3n Natrural"},"content":{"rendered":"","protected":false},"excerpt":{"rendered":"<p>Jam\u00f3n en pata CEBO IB\u00c9RICO 50% RAZA IB\u00c9RICA. 100% Natural con m\u00e1s de 24 meses de curaci\u00f3n en el Parque Nacional de Sierra Nevada.<br \/>\nSin aditivos ni conservantes, contenido reducido de sal, sin gluten ni lactosa.<br \/>\nCertificado por la norma del ib\u00e9rico R.D.4\/2014<br \/>\nIngredientes: Jam\u00f3n ib\u00e9rico de cebo y sal marina.<\/p>\n<p>VALOR NUTRICIONAL POR 100g<br \/>\nVALOR ENERGETICO 1920KJ\/464KCAL<br \/>\nGRASAS 40.5g<br \/>\nACIDOS GRASOS SATURADOS 15g<br \/>\nHIDRATOS DE CARBONO 0g<br \/>\nAZUCARES 0g<br \/>\nPROTEINAS 24g<br \/>\nSAL (A PARTIR DE SODIO) 3,9g<\/p>\n","protected":false},"featured_media":1269,"comment_status":"open","ping_status":"closed","template":"","meta":{"_et_pb_use_builder":"","_et_pb_old_content":"","_et_gb_content_width":""},"product_cat":[62],"product_tag":[],"yoast_head":"<!-- This site is optimized with the Yoast SEO plugin v21.5 - https:\/\/yoast.com\/wordpress\/plugins\/seo\/ -->\n<title>Jam\u00f3n Cebo Ib\u00e9rico 50% Raza Ib\u00e9rica + 24 meses de Curaci\u00f3n Natrural | Tienda Jamones de Juviles<\/title>\n<meta name=\"description\" content=\"Tienda Jamones de Juviles | Compra ahora el mejor jam\u00f3n de la Alpujarra, I.G.P Trev\u00e9lez, directo del secadero a su casa. Env\u00edo gratuito.\" \/>\n<meta name=\"robots\" content=\"index, follow, max-snippet:-1, max-image-preview:large, max-video-preview:-1\" \/>\n<link rel=\"canonical\" href=\"https:\/\/jamonesdejuviles.com\/tienda\/producto\/jamones\/jamon-cebo-iberico-24-meses-de-curacion-natrural\/\" \/>\n<script type=\"application\/ld+json\" class=\"yoast-schema-graph\">{\"@context\":\"https:\/\/schema.org\",\"@graph\":[{\"@type\":\"WebPage\",\"@id\":\"https:\/\/jamonesdejuviles.com\/tienda\/producto\/jamones\/jamon-cebo-iberico-24-meses-de-curacion-natrural\/\",\"url\":\"https:\/\/jamonesdejuviles.com\/tienda\/producto\/jamones\/jamon-cebo-iberico-24-meses-de-curacion-natrural\/\",\"name\":\"Jam\u00f3n Cebo Ib\u00e9rico 50% Raza Ib\u00e9rica + 24 meses de Curaci\u00f3n Natrural | Tienda Jamones de Juviles\",\"isPartOf\":{\"@id\":\"https:\/\/jamonesdejuviles.com\/tienda\/#website\"},\"datePublished\":\"2020-07-15T06:35:39+00:00\",\"dateModified\":\"2026-04-01T05:23:46+00:00\",\"description\":\"Tienda Jamones de Juviles | Compra ahora el mejor jam\u00f3n de la Alpujarra, I.G.P Trev\u00e9lez, directo del secadero a su casa. Env\u00edo gratuito.\",\"breadcrumb\":{\"@id\":\"https:\/\/jamonesdejuviles.com\/tienda\/producto\/jamones\/jamon-cebo-iberico-24-meses-de-curacion-natrural\/#breadcrumb\"},\"inLanguage\":\"es\",\"potentialAction\":[{\"@type\":\"ReadAction\",\"target\":[\"https:\/\/jamonesdejuviles.com\/tienda\/producto\/jamones\/jamon-cebo-iberico-24-meses-de-curacion-natrural\/\"]}]},{\"@type\":\"BreadcrumbList\",\"@id\":\"https:\/\/jamonesdejuviles.com\/tienda\/producto\/jamones\/jamon-cebo-iberico-24-meses-de-curacion-natrural\/#breadcrumb\",\"itemListElement\":[{\"@type\":\"ListItem\",\"position\":1,\"name\":\"Portada\",\"item\":\"https:\/\/jamonesdejuviles.com\/tienda\/\"},{\"@type\":\"ListItem\",\"position\":2,\"name\":\"Inicio\",\"item\":\"https:\/\/jamonesdejuviles.com\/tienda\/\"},{\"@type\":\"ListItem\",\"position\":3,\"name\":\"Jam\u00f3n Cebo Ib\u00e9rico 50% Raza Ib\u00e9rica + 24 meses de Curaci\u00f3n Natrural\"}]},{\"@type\":\"WebSite\",\"@id\":\"https:\/\/jamonesdejuviles.com\/tienda\/#website\",\"url\":\"https:\/\/jamonesdejuviles.com\/tienda\/\",\"name\":\"Tienda Jamones de Juviles\",\"description\":\"El aut\u00e9ntico jam\u00f3n de la Alpujarra\",\"publisher\":{\"@id\":\"https:\/\/jamonesdejuviles.com\/tienda\/#organization\"},\"potentialAction\":[{\"@type\":\"SearchAction\",\"target\":{\"@type\":\"EntryPoint\",\"urlTemplate\":\"https:\/\/jamonesdejuviles.com\/tienda\/?s={search_term_string}\"},\"query-input\":\"required name=search_term_string\"}],\"inLanguage\":\"es\"},{\"@type\":\"Organization\",\"@id\":\"https:\/\/jamonesdejuviles.com\/tienda\/#organization\",\"name\":\"Tienda de Jamones de Juviles\",\"url\":\"https:\/\/jamonesdejuviles.com\/tienda\/\",\"logo\":{\"@type\":\"ImageObject\",\"inLanguage\":\"es\",\"@id\":\"https:\/\/jamonesdejuviles.com\/tienda\/#\/schema\/logo\/image\/\",\"url\":\"https:\/\/jamonesdejuviles.com\/tienda\/wp-content\/uploads\/2020\/07\/jamones-juviles.svg\",\"contentUrl\":\"https:\/\/jamonesdejuviles.com\/tienda\/wp-content\/uploads\/2020\/07\/jamones-juviles.svg\",\"width\":1,\"height\":1,\"caption\":\"Tienda de Jamones de Juviles\"},\"image\":{\"@id\":\"https:\/\/jamonesdejuviles.com\/tienda\/#\/schema\/logo\/image\/\"},\"sameAs\":[\"https:\/\/www.facebook.com\/jamonesdejuviles\",\"https:\/\/www.instagram.com\/jamonesdejuviles\/\"]}]}<\/script>\n<!-- \/ Yoast SEO plugin. -->","yoast_head_json":{"title":"Jam\u00f3n Cebo Ib\u00e9rico 50% Raza Ib\u00e9rica + 24 meses de Curaci\u00f3n Natrural | Tienda Jamones de Juviles","description":"Tienda Jamones de Juviles | Compra ahora el mejor jam\u00f3n de la Alpujarra, I.G.P Trev\u00e9lez, directo del secadero a su casa. Env\u00edo gratuito.","robots":{"index":"index","follow":"follow","max-snippet":"max-snippet:-1","max-image-preview":"max-image-preview:large","max-video-preview":"max-video-preview:-1"},"canonical":"https:\/\/jamonesdejuviles.com\/tienda\/producto\/jamones\/jamon-cebo-iberico-24-meses-de-curacion-natrural\/","schema":{"@context":"https:\/\/schema.org","@graph":[{"@type":"WebPage","@id":"https:\/\/jamonesdejuviles.com\/tienda\/producto\/jamones\/jamon-cebo-iberico-24-meses-de-curacion-natrural\/","url":"https:\/\/jamonesdejuviles.com\/tienda\/producto\/jamones\/jamon-cebo-iberico-24-meses-de-curacion-natrural\/","name":"Jam\u00f3n Cebo Ib\u00e9rico 50% Raza Ib\u00e9rica + 24 meses de Curaci\u00f3n Natrural | Tienda Jamones de Juviles","isPartOf":{"@id":"https:\/\/jamonesdejuviles.com\/tienda\/#website"},"datePublished":"2020-07-15T06:35:39+00:00","dateModified":"2026-04-01T05:23:46+00:00","description":"Tienda Jamones de Juviles | Compra ahora el mejor jam\u00f3n de la Alpujarra, I.G.P Trev\u00e9lez, directo del secadero a su casa. Env\u00edo gratuito.","breadcrumb":{"@id":"https:\/\/jamonesdejuviles.com\/tienda\/producto\/jamones\/jamon-cebo-iberico-24-meses-de-curacion-natrural\/#breadcrumb"},"inLanguage":"es","potentialAction":[{"@type":"ReadAction","target":["https:\/\/jamonesdejuviles.com\/tienda\/producto\/jamones\/jamon-cebo-iberico-24-meses-de-curacion-natrural\/"]}]},{"@type":"BreadcrumbList","@id":"https:\/\/jamonesdejuviles.com\/tienda\/producto\/jamones\/jamon-cebo-iberico-24-meses-de-curacion-natrural\/#breadcrumb","itemListElement":[{"@type":"ListItem","position":1,"name":"Portada","item":"https:\/\/jamonesdejuviles.com\/tienda\/"},{"@type":"ListItem","position":2,"name":"Inicio","item":"https:\/\/jamonesdejuviles.com\/tienda\/"},{"@type":"ListItem","position":3,"name":"Jam\u00f3n Cebo Ib\u00e9rico 50% Raza Ib\u00e9rica + 24 meses de Curaci\u00f3n Natrural"}]},{"@type":"WebSite","@id":"https:\/\/jamonesdejuviles.com\/tienda\/#website","url":"https:\/\/jamonesdejuviles.com\/tienda\/","name":"Tienda Jamones de Juviles","description":"El aut\u00e9ntico jam\u00f3n de la Alpujarra","publisher":{"@id":"https:\/\/jamonesdejuviles.com\/tienda\/#organization"},"potentialAction":[{"@type":"SearchAction","target":{"@type":"EntryPoint","urlTemplate":"https:\/\/jamonesdejuviles.com\/tienda\/?s={search_term_string}"},"query-input":"required name=search_term_string"}],"inLanguage":"es"},{"@type":"Organization","@id":"https:\/\/jamonesdejuviles.com\/tienda\/#organization","name":"Tienda de Jamones de Juviles","url":"https:\/\/jamonesdejuviles.com\/tienda\/","logo":{"@type":"ImageObject","inLanguage":"es","@id":"https:\/\/jamonesdejuviles.com\/tienda\/#\/schema\/logo\/image\/","url":"https:\/\/jamonesdejuviles.com\/tienda\/wp-content\/uploads\/2020\/07\/jamones-juviles.svg","contentUrl":"https:\/\/jamonesdejuviles.com\/tienda\/wp-content\/uploads\/2020\/07\/jamones-juviles.svg","width":1,"height":1,"caption":"Tienda de Jamones de Juviles"},"image":{"@id":"https:\/\/jamonesdejuviles.com\/tienda\/#\/schema\/logo\/image\/"},"sameAs":["https:\/\/www.facebook.com\/jamonesdejuviles","https:\/\/www.instagram.com\/jamonesdejuviles\/"]}]}},"_links":{"self":[{"href":"https:\/\/jamonesdejuviles.com\/tienda\/wp-json\/wp\/v2\/product\/1800"}],"collection":[{"href":"https:\/\/jamonesdejuviles.com\/tienda\/wp-json\/wp\/v2\/product"}],"about":[{"href":"https:\/\/jamonesdejuviles.com\/tienda\/wp-json\/wp\/v2\/types\/product"}],"replies":[{"embeddable":true,"href":"https:\/\/jamonesdejuviles.com\/tienda\/wp-json\/wp\/v2\/comments?post=1800"}],"wp:featuredmedia":[{"embeddable":true,"href":"https:\/\/jamonesdejuviles.com\/tienda\/wp-json\/wp\/v2\/media\/1269"}],"wp:attachment":[{"href":"https:\/\/jamonesdejuviles.com\/tienda\/wp-json\/wp\/v2\/media?parent=1800"}],"wp:term":[{"taxonomy":"product_cat","embeddable":true,"href":"https:\/\/jamonesdejuviles.com\/tienda\/wp-json\/wp\/v2\/product_cat?post=1800"},{"taxonomy":"product_tag","embeddable":true,"href":"https:\/\/jamonesdejuviles.com\/tienda\/wp-json\/wp\/v2\/product_tag?post=1800"}],"curies":[{"name":"wp","href":"https:\/\/api.w.org\/{rel}","templated":true}]}}