{"id":4429,"date":"2023-04-19T10:38:41","date_gmt":"2023-04-19T10:38:41","guid":{"rendered":"https:\/\/jamonesdejuviles.com\/tienda\/?post_type=product&#038;p=4429"},"modified":"2026-03-26T10:11:36","modified_gmt":"2026-03-26T10:11:36","slug":"jamon-bellota-100-iberico-ecologico-36-curacion-natural","status":"publish","type":"product","link":"https:\/\/jamonesdejuviles.com\/tienda\/producto\/jamones\/jamon-bellota-100-iberico-ecologico-36-curacion-natural\/","title":{"rendered":"JAM\u00d3N BELLOTA 100% IB\u00c9RICO ECOLOGICO +24 MESES DE CURACI\u00d3N NATURAL"},"content":{"rendered":"","protected":false},"excerpt":{"rendered":"<p>Jam\u00f3n en pata BELLOTA 100 % IB\u00c9RIC0 ECOL\u00d3GICO. 100% Curado al Natural con m\u00e1s de 24 meses de curaci\u00f3n en el Parque Natural de Sierra Nevada. sin aditivos ni conservantes, contenido reducido de sal, sin gluten ni lactosa. Cerdos criados en libertad en las mejores dehesas y alimentados con bellotas.<br \/>\nCertificado por la norma del ib\u00e9rico R.D.4\/2014<br \/>\nIngredientes: Jam\u00f3n ib\u00e9rico de Bellota y sal marina. Origen Espa\u00f1ol<\/p>\n<p>VALOR NUTRICIONAL POR 100g<br \/>\nVALOR ENERGETICO 1920KJ\/464KCAL<br \/>\nGRASAS 40.5g<br \/>\nACIDOS GRASOS SATURADOS 15g<br \/>\nHIDRATOS DE CARBONO 0g<br \/>\nAZUCARES 0g<br \/>\nPROTEINAS 24g<br \/>\nSAL (A PARTIR DE SODIO) 3,9g<\/p>\n","protected":false},"featured_media":4435,"comment_status":"open","ping_status":"closed","template":"","meta":{"_et_pb_use_builder":"","_et_pb_old_content":"","_et_gb_content_width":""},"product_cat":[88,62],"product_tag":[],"yoast_head":"<!-- This site is optimized with the Yoast SEO plugin v21.5 - https:\/\/yoast.com\/wordpress\/plugins\/seo\/ -->\n<title>JAM\u00d3N BELLOTA 100% IB\u00c9RICO ECOLOGICO +24 MESES DE CURACI\u00d3N NATURAL | Tienda Jamones de Juviles<\/title>\n<meta name=\"description\" content=\"Tienda Jamones de Juviles | Compra ahora el mejor jam\u00f3n de la Alpujarra, I.G.P Trev\u00e9lez, directo del secadero a su casa. Env\u00edo gratuito.\" \/>\n<meta name=\"robots\" content=\"index, follow, max-snippet:-1, max-image-preview:large, max-video-preview:-1\" \/>\n<link rel=\"canonical\" href=\"https:\/\/jamonesdejuviles.com\/tienda\/producto\/jamones\/jamon-bellota-100-iberico-ecologico-36-curacion-natural\/\" \/>\n<script type=\"application\/ld+json\" class=\"yoast-schema-graph\">{\"@context\":\"https:\/\/schema.org\",\"@graph\":[{\"@type\":\"WebPage\",\"@id\":\"https:\/\/jamonesdejuviles.com\/tienda\/producto\/jamones\/jamon-bellota-100-iberico-ecologico-36-curacion-natural\/\",\"url\":\"https:\/\/jamonesdejuviles.com\/tienda\/producto\/jamones\/jamon-bellota-100-iberico-ecologico-36-curacion-natural\/\",\"name\":\"JAM\u00d3N BELLOTA 100% IB\u00c9RICO ECOLOGICO +24 MESES DE CURACI\u00d3N NATURAL | Tienda Jamones de Juviles\",\"isPartOf\":{\"@id\":\"https:\/\/jamonesdejuviles.com\/tienda\/#website\"},\"datePublished\":\"2023-04-19T10:38:41+00:00\",\"dateModified\":\"2026-03-26T10:11:36+00:00\",\"description\":\"Tienda Jamones de Juviles | Compra ahora el mejor jam\u00f3n de la Alpujarra, I.G.P Trev\u00e9lez, directo del secadero a su casa. Env\u00edo gratuito.\",\"breadcrumb\":{\"@id\":\"https:\/\/jamonesdejuviles.com\/tienda\/producto\/jamones\/jamon-bellota-100-iberico-ecologico-36-curacion-natural\/#breadcrumb\"},\"inLanguage\":\"es\",\"potentialAction\":[{\"@type\":\"ReadAction\",\"target\":[\"https:\/\/jamonesdejuviles.com\/tienda\/producto\/jamones\/jamon-bellota-100-iberico-ecologico-36-curacion-natural\/\"]}]},{\"@type\":\"BreadcrumbList\",\"@id\":\"https:\/\/jamonesdejuviles.com\/tienda\/producto\/jamones\/jamon-bellota-100-iberico-ecologico-36-curacion-natural\/#breadcrumb\",\"itemListElement\":[{\"@type\":\"ListItem\",\"position\":1,\"name\":\"Portada\",\"item\":\"https:\/\/jamonesdejuviles.com\/tienda\/\"},{\"@type\":\"ListItem\",\"position\":2,\"name\":\"Inicio\",\"item\":\"https:\/\/jamonesdejuviles.com\/tienda\/\"},{\"@type\":\"ListItem\",\"position\":3,\"name\":\"JAM\u00d3N BELLOTA 100% IB\u00c9RICO ECOLOGICO +24 MESES DE CURACI\u00d3N NATURAL\"}]},{\"@type\":\"WebSite\",\"@id\":\"https:\/\/jamonesdejuviles.com\/tienda\/#website\",\"url\":\"https:\/\/jamonesdejuviles.com\/tienda\/\",\"name\":\"Tienda Jamones de Juviles\",\"description\":\"El aut\u00e9ntico jam\u00f3n de la Alpujarra\",\"publisher\":{\"@id\":\"https:\/\/jamonesdejuviles.com\/tienda\/#organization\"},\"potentialAction\":[{\"@type\":\"SearchAction\",\"target\":{\"@type\":\"EntryPoint\",\"urlTemplate\":\"https:\/\/jamonesdejuviles.com\/tienda\/?s={search_term_string}\"},\"query-input\":\"required name=search_term_string\"}],\"inLanguage\":\"es\"},{\"@type\":\"Organization\",\"@id\":\"https:\/\/jamonesdejuviles.com\/tienda\/#organization\",\"name\":\"Tienda de Jamones de Juviles\",\"url\":\"https:\/\/jamonesdejuviles.com\/tienda\/\",\"logo\":{\"@type\":\"ImageObject\",\"inLanguage\":\"es\",\"@id\":\"https:\/\/jamonesdejuviles.com\/tienda\/#\/schema\/logo\/image\/\",\"url\":\"https:\/\/jamonesdejuviles.com\/tienda\/wp-content\/uploads\/2020\/07\/jamones-juviles.svg\",\"contentUrl\":\"https:\/\/jamonesdejuviles.com\/tienda\/wp-content\/uploads\/2020\/07\/jamones-juviles.svg\",\"width\":1,\"height\":1,\"caption\":\"Tienda de Jamones de Juviles\"},\"image\":{\"@id\":\"https:\/\/jamonesdejuviles.com\/tienda\/#\/schema\/logo\/image\/\"},\"sameAs\":[\"https:\/\/www.facebook.com\/jamonesdejuviles\",\"https:\/\/www.instagram.com\/jamonesdejuviles\/\"]}]}<\/script>\n<!-- \/ Yoast SEO plugin. -->","yoast_head_json":{"title":"JAM\u00d3N BELLOTA 100% IB\u00c9RICO ECOLOGICO +24 MESES DE CURACI\u00d3N NATURAL | Tienda Jamones de Juviles","description":"Tienda Jamones de Juviles | Compra ahora el mejor jam\u00f3n de la Alpujarra, I.G.P Trev\u00e9lez, directo del secadero a su casa. Env\u00edo gratuito.","robots":{"index":"index","follow":"follow","max-snippet":"max-snippet:-1","max-image-preview":"max-image-preview:large","max-video-preview":"max-video-preview:-1"},"canonical":"https:\/\/jamonesdejuviles.com\/tienda\/producto\/jamones\/jamon-bellota-100-iberico-ecologico-36-curacion-natural\/","schema":{"@context":"https:\/\/schema.org","@graph":[{"@type":"WebPage","@id":"https:\/\/jamonesdejuviles.com\/tienda\/producto\/jamones\/jamon-bellota-100-iberico-ecologico-36-curacion-natural\/","url":"https:\/\/jamonesdejuviles.com\/tienda\/producto\/jamones\/jamon-bellota-100-iberico-ecologico-36-curacion-natural\/","name":"JAM\u00d3N BELLOTA 100% IB\u00c9RICO ECOLOGICO +24 MESES DE CURACI\u00d3N NATURAL | Tienda Jamones de Juviles","isPartOf":{"@id":"https:\/\/jamonesdejuviles.com\/tienda\/#website"},"datePublished":"2023-04-19T10:38:41+00:00","dateModified":"2026-03-26T10:11:36+00:00","description":"Tienda Jamones de Juviles | Compra ahora el mejor jam\u00f3n de la Alpujarra, I.G.P Trev\u00e9lez, directo del secadero a su casa. Env\u00edo gratuito.","breadcrumb":{"@id":"https:\/\/jamonesdejuviles.com\/tienda\/producto\/jamones\/jamon-bellota-100-iberico-ecologico-36-curacion-natural\/#breadcrumb"},"inLanguage":"es","potentialAction":[{"@type":"ReadAction","target":["https:\/\/jamonesdejuviles.com\/tienda\/producto\/jamones\/jamon-bellota-100-iberico-ecologico-36-curacion-natural\/"]}]},{"@type":"BreadcrumbList","@id":"https:\/\/jamonesdejuviles.com\/tienda\/producto\/jamones\/jamon-bellota-100-iberico-ecologico-36-curacion-natural\/#breadcrumb","itemListElement":[{"@type":"ListItem","position":1,"name":"Portada","item":"https:\/\/jamonesdejuviles.com\/tienda\/"},{"@type":"ListItem","position":2,"name":"Inicio","item":"https:\/\/jamonesdejuviles.com\/tienda\/"},{"@type":"ListItem","position":3,"name":"JAM\u00d3N BELLOTA 100% IB\u00c9RICO ECOLOGICO +24 MESES DE CURACI\u00d3N NATURAL"}]},{"@type":"WebSite","@id":"https:\/\/jamonesdejuviles.com\/tienda\/#website","url":"https:\/\/jamonesdejuviles.com\/tienda\/","name":"Tienda Jamones de Juviles","description":"El aut\u00e9ntico jam\u00f3n de la Alpujarra","publisher":{"@id":"https:\/\/jamonesdejuviles.com\/tienda\/#organization"},"potentialAction":[{"@type":"SearchAction","target":{"@type":"EntryPoint","urlTemplate":"https:\/\/jamonesdejuviles.com\/tienda\/?s={search_term_string}"},"query-input":"required name=search_term_string"}],"inLanguage":"es"},{"@type":"Organization","@id":"https:\/\/jamonesdejuviles.com\/tienda\/#organization","name":"Tienda de Jamones de Juviles","url":"https:\/\/jamonesdejuviles.com\/tienda\/","logo":{"@type":"ImageObject","inLanguage":"es","@id":"https:\/\/jamonesdejuviles.com\/tienda\/#\/schema\/logo\/image\/","url":"https:\/\/jamonesdejuviles.com\/tienda\/wp-content\/uploads\/2020\/07\/jamones-juviles.svg","contentUrl":"https:\/\/jamonesdejuviles.com\/tienda\/wp-content\/uploads\/2020\/07\/jamones-juviles.svg","width":1,"height":1,"caption":"Tienda de Jamones de Juviles"},"image":{"@id":"https:\/\/jamonesdejuviles.com\/tienda\/#\/schema\/logo\/image\/"},"sameAs":["https:\/\/www.facebook.com\/jamonesdejuviles","https:\/\/www.instagram.com\/jamonesdejuviles\/"]}]}},"_links":{"self":[{"href":"https:\/\/jamonesdejuviles.com\/tienda\/wp-json\/wp\/v2\/product\/4429"}],"collection":[{"href":"https:\/\/jamonesdejuviles.com\/tienda\/wp-json\/wp\/v2\/product"}],"about":[{"href":"https:\/\/jamonesdejuviles.com\/tienda\/wp-json\/wp\/v2\/types\/product"}],"replies":[{"embeddable":true,"href":"https:\/\/jamonesdejuviles.com\/tienda\/wp-json\/wp\/v2\/comments?post=4429"}],"wp:featuredmedia":[{"embeddable":true,"href":"https:\/\/jamonesdejuviles.com\/tienda\/wp-json\/wp\/v2\/media\/4435"}],"wp:attachment":[{"href":"https:\/\/jamonesdejuviles.com\/tienda\/wp-json\/wp\/v2\/media?parent=4429"}],"wp:term":[{"taxonomy":"product_cat","embeddable":true,"href":"https:\/\/jamonesdejuviles.com\/tienda\/wp-json\/wp\/v2\/product_cat?post=4429"},{"taxonomy":"product_tag","embeddable":true,"href":"https:\/\/jamonesdejuviles.com\/tienda\/wp-json\/wp\/v2\/product_tag?post=4429"}],"curies":[{"name":"wp","href":"https:\/\/api.w.org\/{rel}","templated":true}]}}